{"id":53,"date":"2022-07-19T12:04:32","date_gmt":"2022-07-19T12:04:32","guid":{"rendered":"https:\/\/ktukd.org\/about-us\/"},"modified":"2024-01-16T06:46:04","modified_gmt":"2024-01-16T06:46:04","slug":"hakkimizda","status":"publish","type":"page","link":"https:\/\/ktukd.org\/en\/about\/","title":{"rendered":"About"},"content":{"rendered":"<div data-elementor-type=\"wp-page\" data-elementor-id=\"53\" class=\"elementor elementor-53\">\n\t\t\t\t<div class=\"elementor-element elementor-element-729b782 e-con-full e-flex e-con e-parent\" data-id=\"729b782\" data-element_type=\"container\" data-settings=\"{&quot;background_background&quot;:&quot;classic&quot;}\">\n\t\t\t\t<div class=\"elementor-element elementor-element-05842ae elementor-widget__width-initial elementor-widget elementor-widget-heading\" data-id=\"05842ae\" data-element_type=\"widget\" data-widget_type=\"heading.default\">\n\t\t\t\t<div class=\"elementor-widget-container\">\n\t\t\t<style>\/*! elementor - v3.21.0 - 26-05-2024 *\/\n.elementor-heading-title{padding:0;margin:0;line-height:1}.elementor-widget-heading .elementor-heading-title[class*=elementor-size-]>a{color:inherit;font-size:inherit;line-height:inherit}.elementor-widget-heading .elementor-heading-title.elementor-size-small{font-size:15px}.elementor-widget-heading .elementor-heading-title.elementor-size-medium{font-size:19px}.elementor-widget-heading .elementor-heading-title.elementor-size-large{font-size:29px}.elementor-widget-heading .elementor-heading-title.elementor-size-xl{font-size:39px}.elementor-widget-heading .elementor-heading-title.elementor-size-xxl{font-size:59px}<\/style><h4 class=\"elementor-heading-title elementor-size-default\">About<\/h4>\t\t<\/div>\n\t\t\t\t<\/div>\n\t\t\t\t<\/div>\n\t\t\t\t<section class=\"elementor-section elementor-top-section elementor-element elementor-element-e14456c elementor-section-boxed elementor-section-height-default elementor-section-height-default\" data-id=\"e14456c\" data-element_type=\"section\" data-settings=\"{&quot;background_background&quot;:&quot;classic&quot;}\">\n\t\t\t\t\t\t<div class=\"elementor-container elementor-column-gap-default\">\n\t\t\t\t\t<div class=\"elementor-column elementor-col-100 elementor-top-column elementor-element elementor-element-5f103a5\" data-id=\"5f103a5\" data-element_type=\"column\">\n\t\t\t<div class=\"elementor-widget-wrap elementor-element-populated\">\n\t\t\t\t\t\t<div class=\"elementor-element elementor-element-dadfd5f elementor-widget__width-initial elementor-widget elementor-widget-heading\" data-id=\"dadfd5f\" data-element_type=\"widget\" data-widget_type=\"heading.default\">\n\t\t\t\t<div class=\"elementor-widget-container\">\n\t\t\t<h1 class=\"elementor-heading-title elementor-size-default\">About TCAUW<\/h1>\t\t<\/div>\n\t\t\t\t<\/div>\n\t\t\t\t<div class=\"elementor-element elementor-element-12abf6d elementor-widget__width-initial elementor-widget-mobile__width-inherit elementor-widget elementor-widget-text-editor\" data-id=\"12abf6d\" data-element_type=\"widget\" data-widget_type=\"text-editor.default\">\n\t\t\t\t<div class=\"elementor-widget-container\">\n\t\t\t<style>\/*! elementor - v3.21.0 - 26-05-2024 *\/\n.elementor-widget-text-editor.elementor-drop-cap-view-stacked .elementor-drop-cap{background-color:#69727d;color:#fff}.elementor-widget-text-editor.elementor-drop-cap-view-framed .elementor-drop-cap{color:#69727d;border:3px solid;background-color:transparent}.elementor-widget-text-editor:not(.elementor-drop-cap-view-default) .elementor-drop-cap{margin-top:8px}.elementor-widget-text-editor:not(.elementor-drop-cap-view-default) .elementor-drop-cap-letter{width:1em;height:1em}.elementor-widget-text-editor .elementor-drop-cap{float:left;text-align:center;line-height:1;font-size:50px}.elementor-widget-text-editor .elementor-drop-cap-letter{display:inline-block}<\/style>\t\t\t\t<p>TCAUW was established in 1991 by professional Turkish Cypriot women with vision and mission of encouraging participation of women in solving the problems arise at all sectors of the society, to empower and enable women to become influential and effective in every field and all levels of public life.<\/p>\t\t\t\t\t\t<\/div>\n\t\t\t\t<\/div>\n\t\t\t\t\t<\/div>\n\t\t<\/div>\n\t\t\t\t\t<\/div>\n\t\t<\/section>\n\t\t<div class=\"elementor-element elementor-element-58f7622 e-flex e-con-boxed e-con e-parent\" data-id=\"58f7622\" data-element_type=\"container\" data-settings=\"{&quot;background_background&quot;:&quot;classic&quot;}\">\n\t\t\t\t\t<div class=\"e-con-inner\">\n\t\t\t\t<div class=\"elementor-element elementor-element-f4a60c9 elementor-widget-mobile__width-inherit elementor-widget elementor-widget-text-editor\" data-id=\"f4a60c9\" data-element_type=\"widget\" data-widget_type=\"text-editor.default\">\n\t\t\t\t<div class=\"elementor-widget-container\">\n\t\t\t\t\t\t\t<p>TCAUW considers evidence-based planning and advocacy through collective action as vital pillars for the development of a holistic and well-planned future policies and strategies, which will contribute towards the elimination of gender disparities in women\u2019s access to productive resources and decision making in the northern part of Cyprus. <\/p>\t\t\t\t\t\t<\/div>\n\t\t\t\t<\/div>\n\t\t\t\t<div class=\"elementor-element elementor-element-7b082d2 elementor-widget-mobile__width-inherit elementor-widget elementor-widget-text-editor\" data-id=\"7b082d2\" data-element_type=\"widget\" data-widget_type=\"text-editor.default\">\n\t\t\t\t<div class=\"elementor-widget-container\">\n\t\t\t\t\t\t\t<p>TCAUW had conducted the Gender Profile in Education and Employment Survey in the northern part of Cyprus in 2001. The survey did not only provide information on the situation of women in economic life, but also served as a first comprehensive source of data for CSOs and academics working on gender issues in early 2000s. Through Parity project which is funded by the European Union under the  Aid Programme for the Turkish Cypriot community, TCAUW also aims to contribute to the evidence-based research and partnership among all relevant groups working towards gender equality. <\/p>\t\t\t\t\t\t<\/div>\n\t\t\t\t<\/div>\n\t\t\t\t\t<\/div>\n\t\t\t\t<\/div>\n\t\t<div class=\"elementor-element elementor-element-3855028 e-flex e-con-boxed e-con e-parent\" data-id=\"3855028\" data-element_type=\"container\" data-settings=\"{&quot;background_background&quot;:&quot;classic&quot;}\">\n\t\t\t\t\t<div class=\"e-con-inner\">\n\t\t\t\t<div class=\"elementor-element elementor-element-4025998 elementor-widget elementor-widget-heading\" data-id=\"4025998\" data-element_type=\"widget\" data-widget_type=\"heading.default\">\n\t\t\t\t<div class=\"elementor-widget-container\">\n\t\t\t<h3 class=\"elementor-heading-title elementor-size-default\">The purpose of TCAUW;\n<\/h3>\t\t<\/div>\n\t\t\t\t<\/div>\n\t\t\t\t<div class=\"elementor-element elementor-element-2e4411b elementor-align-left elementor-icon-list--layout-traditional elementor-list-item-link-full_width elementor-widget elementor-widget-icon-list\" data-id=\"2e4411b\" data-element_type=\"widget\" data-widget_type=\"icon-list.default\">\n\t\t\t\t<div class=\"elementor-widget-container\">\n\t\t\t<link rel=\"stylesheet\" href=\"https:\/\/ktukd.org\/wp-content\/plugins\/elementor\/assets\/css\/widget-icon-list.min.css\">\t\t<ul class=\"elementor-icon-list-items\">\n\t\t\t\t\t\t\t<li class=\"elementor-icon-list-item\">\n\t\t\t\t\t\t\t\t\t\t\t<span class=\"elementor-icon-list-icon\">\n\t\t\t\t\t\t\t<svg aria-hidden=\"true\" class=\"e-font-icon-svg e-fas-check-circle\" viewbox=\"0 0 512 512\" xmlns=\"http:\/\/www.w3.org\/2000\/svg\"><path d=\"M504 256c0 136.967-111.033 248-248 248S8 392.967 8 256 119.033 8 256 8s248 111.033 248 248zM227.314 387.314l184-184c6.248-6.248 6.248-16.379 0-22.627l-22.627-22.627c-6.248-6.249-16.379-6.249-22.628 0L216 308.118l-70.059-70.059c-6.248-6.248-16.379-6.248-22.628 0l-22.627 22.627c-6.248 6.248-6.248 16.379 0 22.627l104 104c6.249 6.249 16.379 6.249 22.628.001z\"><\/path><\/svg>\t\t\t\t\t\t<\/span>\n\t\t\t\t\t\t\t\t\t\t<span class=\"elementor-icon-list-text\">To promote understanding and friendship among university women around the world, regardless of their race, nationality, religion and political views, to promote international cooperation, to advance the development of education, to represent university women in international organizations and to promote the knowledge and skills of women in all areas of public life at the national, regional or world level and to encourage their application to the problems that arise at all levels and their participation in the solution of these problems,<\/span>\n\t\t\t\t\t\t\t\t\t<\/li>\n\t\t\t\t\t\t\t\t<li class=\"elementor-icon-list-item\">\n\t\t\t\t\t\t\t\t\t\t\t<span class=\"elementor-icon-list-icon\">\n\t\t\t\t\t\t\t<svg aria-hidden=\"true\" class=\"e-font-icon-svg e-fas-check-circle\" viewbox=\"0 0 512 512\" xmlns=\"http:\/\/www.w3.org\/2000\/svg\"><path d=\"M504 256c0 136.967-111.033 248-248 248S8 392.967 8 256 119.033 8 256 8s248 111.033 248 248zM227.314 387.314l184-184c6.248-6.248 6.248-16.379 0-22.627l-22.627-22.627c-6.248-6.249-16.379-6.249-22.628 0L216 308.118l-70.059-70.059c-6.248-6.248-16.379-6.248-22.628 0l-22.627 22.627c-6.248 6.248-6.248 16.379 0 22.627l104 104c6.249 6.249 16.379 6.249 22.628.001z\"><\/path><\/svg>\t\t\t\t\t\t<\/span>\n\t\t\t\t\t\t\t\t\t\t<span class=\"elementor-icon-list-text\">To ensure and advance the exchange of ideas, unity and solidarity,  friendship, cooperation, agreement, cooperation and cultural development among women who have a university degree or an equivalent document or a post-university diploma. In this way, to support efforts to develop friendship, solidarity and  cooperation among all people in the country and the world, and to ensure the exchange of culture and ideas,<\/span>\n\t\t\t\t\t\t\t\t\t<\/li>\n\t\t\t\t\t\t\t\t<li class=\"elementor-icon-list-item\">\n\t\t\t\t\t\t\t\t\t\t\t<span class=\"elementor-icon-list-icon\">\n\t\t\t\t\t\t\t<svg aria-hidden=\"true\" class=\"e-font-icon-svg e-fas-check-circle\" viewbox=\"0 0 512 512\" xmlns=\"http:\/\/www.w3.org\/2000\/svg\"><path d=\"M504 256c0 136.967-111.033 248-248 248S8 392.967 8 256 119.033 8 256 8s248 111.033 248 248zM227.314 387.314l184-184c6.248-6.248 6.248-16.379 0-22.627l-22.627-22.627c-6.248-6.249-16.379-6.249-22.628 0L216 308.118l-70.059-70.059c-6.248-6.248-16.379-6.248-22.628 0l-22.627 22.627c-6.248 6.248-6.248 16.379 0 22.627l104 104c6.249 6.249 16.379 6.249 22.628.001z\"><\/path><\/svg>\t\t\t\t\t\t<\/span>\n\t\t\t\t\t\t\t\t\t\t<span class=\"elementor-icon-list-text\">Promoting gender equality, eliminating discrimination, improving the position of women in the public sphere, striving to ensure equality between men and women in decision-making and power sharing at all levels, and supporting women's participation in political, economic and social life,<\/span>\n\t\t\t\t\t\t\t\t\t<\/li>\n\t\t\t\t\t\t\t\t<li class=\"elementor-icon-list-item\">\n\t\t\t\t\t\t\t\t\t\t\t<span class=\"elementor-icon-list-icon\">\n\t\t\t\t\t\t\t<svg aria-hidden=\"true\" class=\"e-font-icon-svg e-fas-check-circle\" viewbox=\"0 0 512 512\" xmlns=\"http:\/\/www.w3.org\/2000\/svg\"><path d=\"M504 256c0 136.967-111.033 248-248 248S8 392.967 8 256 119.033 8 256 8s248 111.033 248 248zM227.314 387.314l184-184c6.248-6.248 6.248-16.379 0-22.627l-22.627-22.627c-6.248-6.249-16.379-6.249-22.628 0L216 308.118l-70.059-70.059c-6.248-6.248-16.379-6.248-22.628 0l-22.627 22.627c-6.248 6.248-6.248 16.379 0 22.627l104 104c6.249 6.249 16.379 6.249 22.628.001z\"><\/path><\/svg>\t\t\t\t\t\t<\/span>\n\t\t\t\t\t\t\t\t\t\t<span class=\"elementor-icon-list-text\">To encourage and mobilize women to realize and accept their responsibilities towards the local, national and international society, to help and guide them in increasing their effectiveness and achieving economic freedom,<\/span>\n\t\t\t\t\t\t\t\t\t<\/li>\n\t\t\t\t\t\t\t\t<li class=\"elementor-icon-list-item\">\n\t\t\t\t\t\t\t\t\t\t\t<span class=\"elementor-icon-list-icon\">\n\t\t\t\t\t\t\t<svg aria-hidden=\"true\" class=\"e-font-icon-svg e-fas-check-circle\" viewbox=\"0 0 512 512\" xmlns=\"http:\/\/www.w3.org\/2000\/svg\"><path d=\"M504 256c0 136.967-111.033 248-248 248S8 392.967 8 256 119.033 8 256 8s248 111.033 248 248zM227.314 387.314l184-184c6.248-6.248 6.248-16.379 0-22.627l-22.627-22.627c-6.248-6.249-16.379-6.249-22.628 0L216 308.118l-70.059-70.059c-6.248-6.248-16.379-6.248-22.628 0l-22.627 22.627c-6.248 6.248-6.248 16.379 0 22.627l104 104c6.249 6.249 16.379 6.249 22.628.001z\"><\/path><\/svg>\t\t\t\t\t\t<\/span>\n\t\t\t\t\t\t\t\t\t\t<span class=\"elementor-icon-list-text\">To contribute to the education, enlightenment and development of women so that they can reach the highest possible cultural level and use their talents and skills in society based on democracy and respect for human rights, to teach them to read and write, as well as to receive vocational skills and advanced training and to share their knowledge with others and themselves.<\/span>\n\t\t\t\t\t\t\t\t\t<\/li>\n\t\t\t\t\t\t\t\t<li class=\"elementor-icon-list-item\">\n\t\t\t\t\t\t\t\t\t\t\t<span class=\"elementor-icon-list-icon\">\n\t\t\t\t\t\t\t<svg aria-hidden=\"true\" class=\"e-font-icon-svg e-fas-check-circle\" viewbox=\"0 0 512 512\" xmlns=\"http:\/\/www.w3.org\/2000\/svg\"><path d=\"M504 256c0 136.967-111.033 248-248 248S8 392.967 8 256 119.033 8 256 8s248 111.033 248 248zM227.314 387.314l184-184c6.248-6.248 6.248-16.379 0-22.627l-22.627-22.627c-6.248-6.249-16.379-6.249-22.628 0L216 308.118l-70.059-70.059c-6.248-6.248-16.379-6.248-22.628 0l-22.627 22.627c-6.248 6.248-6.248 16.379 0 22.627l104 104c6.249 6.249 16.379 6.249 22.628.001z\"><\/path><\/svg>\t\t\t\t\t\t<\/span>\n\t\t\t\t\t\t\t\t\t\t<span class=\"elementor-icon-list-text\">By taking an active role in educational, economic and social issues affecting women, striving to ensure the recognition of women's human rights and the integration of all issues related to women with practices in the public sphere, to ensure that women can benefit from all opportunities and resources in accordance with the principle of equality and to establish the understanding of development based on gender equality,<\/span>\n\t\t\t\t\t\t\t\t\t<\/li>\n\t\t\t\t\t\t\t\t<li class=\"elementor-icon-list-item\">\n\t\t\t\t\t\t\t\t\t\t\t<span class=\"elementor-icon-list-icon\">\n\t\t\t\t\t\t\t<svg aria-hidden=\"true\" class=\"e-font-icon-svg e-fas-check-circle\" viewbox=\"0 0 512 512\" xmlns=\"http:\/\/www.w3.org\/2000\/svg\"><path d=\"M504 256c0 136.967-111.033 248-248 248S8 392.967 8 256 119.033 8 256 8s248 111.033 248 248zM227.314 387.314l184-184c6.248-6.248 6.248-16.379 0-22.627l-22.627-22.627c-6.248-6.249-16.379-6.249-22.628 0L216 308.118l-70.059-70.059c-6.248-6.248-16.379-6.248-22.628 0l-22.627 22.627c-6.248 6.248-6.248 16.379 0 22.627l104 104c6.249 6.249 16.379 6.249 22.628.001z\"><\/path><\/svg>\t\t\t\t\t\t<\/span>\n\t\t\t\t\t\t\t\t\t\t<span class=\"elementor-icon-list-text\">To support women's contributions to the management of natural resources and protection of the environment,<\/span>\n\t\t\t\t\t\t\t\t\t<\/li>\n\t\t\t\t\t\t\t\t<li class=\"elementor-icon-list-item\">\n\t\t\t\t\t\t\t\t\t\t\t<span class=\"elementor-icon-list-icon\">\n\t\t\t\t\t\t\t<svg aria-hidden=\"true\" class=\"e-font-icon-svg e-fas-check-circle\" viewbox=\"0 0 512 512\" xmlns=\"http:\/\/www.w3.org\/2000\/svg\"><path d=\"M504 256c0 136.967-111.033 248-248 248S8 392.967 8 256 119.033 8 256 8s248 111.033 248 248zM227.314 387.314l184-184c6.248-6.248 6.248-16.379 0-22.627l-22.627-22.627c-6.248-6.249-16.379-6.249-22.628 0L216 308.118l-70.059-70.059c-6.248-6.248-16.379-6.248-22.628 0l-22.627 22.627c-6.248 6.248-6.248 16.379 0 22.627l104 104c6.249 6.249 16.379 6.249 22.628.001z\"><\/path><\/svg>\t\t\t\t\t\t<\/span>\n\t\t\t\t\t\t\t\t\t\t<span class=\"elementor-icon-list-text\">To support steps to change the education system and social understanding at all levels in order to change the psychological, social and traditional practices that are the main hindering factors in the development of women,<\/span>\n\t\t\t\t\t\t\t\t\t<\/li>\n\t\t\t\t\t\t\t\t<li class=\"elementor-icon-list-item\">\n\t\t\t\t\t\t\t\t\t\t\t<span class=\"elementor-icon-list-icon\">\n\t\t\t\t\t\t\t<svg aria-hidden=\"true\" class=\"e-font-icon-svg e-fas-check-circle\" viewbox=\"0 0 512 512\" xmlns=\"http:\/\/www.w3.org\/2000\/svg\"><path d=\"M504 256c0 136.967-111.033 248-248 248S8 392.967 8 256 119.033 8 256 8s248 111.033 248 248zM227.314 387.314l184-184c6.248-6.248 6.248-16.379 0-22.627l-22.627-22.627c-6.248-6.249-16.379-6.249-22.628 0L216 308.118l-70.059-70.059c-6.248-6.248-16.379-6.248-22.628 0l-22.627 22.627c-6.248 6.248-6.248 16.379 0 22.627l104 104c6.249 6.249 16.379 6.249 22.628.001z\"><\/path><\/svg>\t\t\t\t\t\t<\/span>\n\t\t\t\t\t\t\t\t\t\t<span class=\"elementor-icon-list-text\">To raise awareness about violence against women, to reject all kinds of violence and to strive to prevent it,<\/span>\n\t\t\t\t\t\t\t\t\t<\/li>\n\t\t\t\t\t\t\t\t<li class=\"elementor-icon-list-item\">\n\t\t\t\t\t\t\t\t\t\t\t<span class=\"elementor-icon-list-icon\">\n\t\t\t\t\t\t\t<svg aria-hidden=\"true\" class=\"e-font-icon-svg e-fas-check-circle\" viewbox=\"0 0 512 512\" xmlns=\"http:\/\/www.w3.org\/2000\/svg\"><path d=\"M504 256c0 136.967-111.033 248-248 248S8 392.967 8 256 119.033 8 256 8s248 111.033 248 248zM227.314 387.314l184-184c6.248-6.248 6.248-16.379 0-22.627l-22.627-22.627c-6.248-6.249-16.379-6.249-22.628 0L216 308.118l-70.059-70.059c-6.248-6.248-16.379-6.248-22.628 0l-22.627 22.627c-6.248 6.248-6.248 16.379 0 22.627l104 104c6.249 6.249 16.379 6.249 22.628.001z\"><\/path><\/svg>\t\t\t\t\t\t<\/span>\n\t\t\t\t\t\t\t\t\t\t<span class=\"elementor-icon-list-text\">To encourage women to take an active and effective role in preventing and resolving conflicts and ensuring peace and security, and to support their participation in peace processes at decision-making levels,<\/span>\n\t\t\t\t\t\t\t\t\t<\/li>\n\t\t\t\t\t\t\t\t<li class=\"elementor-icon-list-item\">\n\t\t\t\t\t\t\t\t\t\t\t<span class=\"elementor-icon-list-icon\">\n\t\t\t\t\t\t\t<svg aria-hidden=\"true\" class=\"e-font-icon-svg e-fas-check-circle\" viewbox=\"0 0 512 512\" xmlns=\"http:\/\/www.w3.org\/2000\/svg\"><path d=\"M504 256c0 136.967-111.033 248-248 248S8 392.967 8 256 119.033 8 256 8s248 111.033 248 248zM227.314 387.314l184-184c6.248-6.248 6.248-16.379 0-22.627l-22.627-22.627c-6.248-6.249-16.379-6.249-22.628 0L216 308.118l-70.059-70.059c-6.248-6.248-16.379-6.248-22.628 0l-22.627 22.627c-6.248 6.248-6.248 16.379 0 22.627l104 104c6.249 6.249 16.379 6.249 22.628.001z\"><\/path><\/svg>\t\t\t\t\t\t<\/span>\n\t\t\t\t\t\t\t\t\t\t<span class=\"elementor-icon-list-text\">To monitor developments in the world and to assist women in applying new methods to achieve their democratic and equal rights.<\/span>\n\t\t\t\t\t\t\t\t\t<\/li>\n\t\t\t\t\t\t<\/ul>\n\t\t\t\t<\/div>\n\t\t\t\t<\/div>\n\t\t\t\t\t<\/div>\n\t\t\t\t<\/div>\n\t\t\t\t<\/div>","protected":false},"excerpt":{"rendered":"<p>Hakk\u0131m\u0131zda KT\u00dcKD, 1991 y\u0131l\u0131nda profesyonel K\u0131br\u0131sl\u0131 T\u00fcrk kad\u0131nlar taraf\u0131ndan; Toplumun her kesiminde ortaya \u00e7\u0131kan sorunlar\u0131n \u00e7\u00f6z\u00fcm\u00fcne kad\u0131nlar\u0131n kat\u0131l\u0131m\u0131n\u0131 te\u015fvik etmek, kad\u0131nlar\u0131n kamusal [&hellip;]<\/p>","protected":false},"author":1,"featured_media":0,"parent":0,"menu_order":0,"comment_status":"closed","ping_status":"closed","template":"","meta":{"footnotes":""},"class_list":["post-53","page","type-page","status-publish","hentry"],"yoast_head":"<!-- This site is optimized with the Yoast SEO plugin v22.7 - https:\/\/yoast.com\/wordpress\/plugins\/seo\/ -->\n<title>Hakk\u0131m\u0131zda - K\u0131br\u0131s T\u00fcrk \u00dcniversiteli Kad\u0131nlar Derne\u011fi<\/title>\n<meta name=\"robots\" content=\"index, follow, max-snippet:-1, max-image-preview:large, max-video-preview:-1\" \/>\n<link rel=\"canonical\" href=\"https:\/\/ktukd.org\/en\/about\/\" \/>\n<meta property=\"og:locale\" content=\"en_GB\" \/>\n<meta property=\"og:type\" content=\"article\" \/>\n<meta property=\"og:title\" content=\"Hakk\u0131m\u0131zda - K\u0131br\u0131s T\u00fcrk \u00dcniversiteli Kad\u0131nlar Derne\u011fi\" \/>\n<meta property=\"og:description\" content=\"Hakk\u0131m\u0131zda KT\u00dcKD, 1991 y\u0131l\u0131nda profesyonel K\u0131br\u0131sl\u0131 T\u00fcrk kad\u0131nlar taraf\u0131ndan; Toplumun her kesiminde ortaya \u00e7\u0131kan sorunlar\u0131n \u00e7\u00f6z\u00fcm\u00fcne kad\u0131nlar\u0131n kat\u0131l\u0131m\u0131n\u0131 te\u015fvik etmek, kad\u0131nlar\u0131n kamusal [&hellip;]\" \/>\n<meta property=\"og:url\" content=\"https:\/\/ktukd.org\/en\/about\/\" \/>\n<meta property=\"og:site_name\" content=\"K\u0131br\u0131s T\u00fcrk \u00dcniversiteli Kad\u0131nlar Derne\u011fi\" \/>\n<meta property=\"article:modified_time\" content=\"2024-01-16T06:46:04+00:00\" \/>\n<meta name=\"twitter:card\" content=\"summary_large_image\" \/>\n<meta name=\"twitter:label1\" content=\"Estimated reading time\" \/>\n\t<meta name=\"twitter:data1\" content=\"4 minutes\" \/>\n<script type=\"application\/ld+json\" class=\"yoast-schema-graph\">{\"@context\":\"https:\/\/schema.org\",\"@graph\":[{\"@type\":\"WebPage\",\"@id\":\"https:\/\/ktukd.org\/hakkimizda\/\",\"url\":\"https:\/\/ktukd.org\/hakkimizda\/\",\"name\":\"Hakk\u0131m\u0131zda - K\u0131br\u0131s T\u00fcrk \u00dcniversiteli Kad\u0131nlar Derne\u011fi\",\"isPartOf\":{\"@id\":\"https:\/\/ktukd.org\/#website\"},\"datePublished\":\"2022-07-19T12:04:32+00:00\",\"dateModified\":\"2024-01-16T06:46:04+00:00\",\"breadcrumb\":{\"@id\":\"https:\/\/ktukd.org\/hakkimizda\/#breadcrumb\"},\"inLanguage\":\"en-GB\",\"potentialAction\":[{\"@type\":\"ReadAction\",\"target\":[\"https:\/\/ktukd.org\/hakkimizda\/\"]}]},{\"@type\":\"BreadcrumbList\",\"@id\":\"https:\/\/ktukd.org\/hakkimizda\/#breadcrumb\",\"itemListElement\":[{\"@type\":\"ListItem\",\"position\":1,\"name\":\"Anasayfa\",\"item\":\"https:\/\/ktukd.org\/\"},{\"@type\":\"ListItem\",\"position\":2,\"name\":\"Hakk\u0131m\u0131zda\"}]},{\"@type\":\"WebSite\",\"@id\":\"https:\/\/ktukd.org\/#website\",\"url\":\"https:\/\/ktukd.org\/\",\"name\":\"K\u0131br\u0131s T\u00fcrk \u00dcniversiteli Kad\u0131nlar Derne\u011fi\",\"description\":\"K\u0131br\u0131s T&uuml;rk &Uuml;niversiteli Kad\u0131nlar Derne\u011fi\",\"publisher\":{\"@id\":\"https:\/\/ktukd.org\/#organization\"},\"potentialAction\":[{\"@type\":\"SearchAction\",\"target\":{\"@type\":\"EntryPoint\",\"urlTemplate\":\"https:\/\/ktukd.org\/?s={search_term_string}\"},\"query-input\":\"required name=search_term_string\"}],\"inLanguage\":\"en-GB\"},{\"@type\":\"Organization\",\"@id\":\"https:\/\/ktukd.org\/#organization\",\"name\":\"K\u0131br\u0131s T\u00fcrk \u00dcniversiteli Kad\u0131nlar Derne\u011fi\",\"url\":\"https:\/\/ktukd.org\/\",\"logo\":{\"@type\":\"ImageObject\",\"inLanguage\":\"en-GB\",\"@id\":\"https:\/\/ktukd.org\/#\/schema\/logo\/image\/\",\"url\":\"https:\/\/ktukd.org\/wp-content\/uploads\/2023\/12\/KTUKD-TR.png\",\"contentUrl\":\"https:\/\/ktukd.org\/wp-content\/uploads\/2023\/12\/KTUKD-TR.png\",\"width\":3988,\"height\":1294,\"caption\":\"K\u0131br\u0131s T\u00fcrk \u00dcniversiteli Kad\u0131nlar Derne\u011fi\"},\"image\":{\"@id\":\"https:\/\/ktukd.org\/#\/schema\/logo\/image\/\"}}]}<\/script>\n<!-- \/ Yoast SEO plugin. -->","yoast_head_json":{"title":"Hakk\u0131m\u0131zda - K\u0131br\u0131s T\u00fcrk \u00dcniversiteli Kad\u0131nlar Derne\u011fi","robots":{"index":"index","follow":"follow","max-snippet":"max-snippet:-1","max-image-preview":"max-image-preview:large","max-video-preview":"max-video-preview:-1"},"canonical":"https:\/\/ktukd.org\/en\/about\/","og_locale":"en_GB","og_type":"article","og_title":"Hakk\u0131m\u0131zda - K\u0131br\u0131s T\u00fcrk \u00dcniversiteli Kad\u0131nlar Derne\u011fi","og_description":"Hakk\u0131m\u0131zda KT\u00dcKD, 1991 y\u0131l\u0131nda profesyonel K\u0131br\u0131sl\u0131 T\u00fcrk kad\u0131nlar taraf\u0131ndan; Toplumun her kesiminde ortaya \u00e7\u0131kan sorunlar\u0131n \u00e7\u00f6z\u00fcm\u00fcne kad\u0131nlar\u0131n kat\u0131l\u0131m\u0131n\u0131 te\u015fvik etmek, kad\u0131nlar\u0131n kamusal [&hellip;]","og_url":"https:\/\/ktukd.org\/en\/about\/","og_site_name":"K\u0131br\u0131s T\u00fcrk \u00dcniversiteli Kad\u0131nlar Derne\u011fi","article_modified_time":"2024-01-16T06:46:04+00:00","twitter_card":"summary_large_image","twitter_misc":{"Estimated reading time":"4 minutes"},"schema":{"@context":"https:\/\/schema.org","@graph":[{"@type":"WebPage","@id":"https:\/\/ktukd.org\/hakkimizda\/","url":"https:\/\/ktukd.org\/hakkimizda\/","name":"Hakk\u0131m\u0131zda - K\u0131br\u0131s T\u00fcrk \u00dcniversiteli Kad\u0131nlar Derne\u011fi","isPartOf":{"@id":"https:\/\/ktukd.org\/#website"},"datePublished":"2022-07-19T12:04:32+00:00","dateModified":"2024-01-16T06:46:04+00:00","breadcrumb":{"@id":"https:\/\/ktukd.org\/hakkimizda\/#breadcrumb"},"inLanguage":"en-GB","potentialAction":[{"@type":"ReadAction","target":["https:\/\/ktukd.org\/hakkimizda\/"]}]},{"@type":"BreadcrumbList","@id":"https:\/\/ktukd.org\/hakkimizda\/#breadcrumb","itemListElement":[{"@type":"ListItem","position":1,"name":"Anasayfa","item":"https:\/\/ktukd.org\/"},{"@type":"ListItem","position":2,"name":"Hakk\u0131m\u0131zda"}]},{"@type":"WebSite","@id":"https:\/\/ktukd.org\/#website","url":"https:\/\/ktukd.org\/","name":"K\u0131br\u0131s T\u00fcrk \u00dcniversiteli Kad\u0131nlar Derne\u011fi","description":"K\u0131br\u0131s T&uuml;rk &Uuml;niversiteli Kad\u0131nlar Derne\u011fi","publisher":{"@id":"https:\/\/ktukd.org\/#organization"},"potentialAction":[{"@type":"SearchAction","target":{"@type":"EntryPoint","urlTemplate":"https:\/\/ktukd.org\/?s={search_term_string}"},"query-input":"required name=search_term_string"}],"inLanguage":"en-GB"},{"@type":"Organization","@id":"https:\/\/ktukd.org\/#organization","name":"K\u0131br\u0131s T\u00fcrk \u00dcniversiteli Kad\u0131nlar Derne\u011fi","url":"https:\/\/ktukd.org\/","logo":{"@type":"ImageObject","inLanguage":"en-GB","@id":"https:\/\/ktukd.org\/#\/schema\/logo\/image\/","url":"https:\/\/ktukd.org\/wp-content\/uploads\/2023\/12\/KTUKD-TR.png","contentUrl":"https:\/\/ktukd.org\/wp-content\/uploads\/2023\/12\/KTUKD-TR.png","width":3988,"height":1294,"caption":"K\u0131br\u0131s T\u00fcrk \u00dcniversiteli Kad\u0131nlar Derne\u011fi"},"image":{"@id":"https:\/\/ktukd.org\/#\/schema\/logo\/image\/"}}]}},"_links":{"self":[{"href":"https:\/\/ktukd.org\/en\/wp-json\/wp\/v2\/pages\/53","targetHints":{"allow":["GET"]}}],"collection":[{"href":"https:\/\/ktukd.org\/en\/wp-json\/wp\/v2\/pages"}],"about":[{"href":"https:\/\/ktukd.org\/en\/wp-json\/wp\/v2\/types\/page"}],"author":[{"embeddable":true,"href":"https:\/\/ktukd.org\/en\/wp-json\/wp\/v2\/users\/1"}],"replies":[{"embeddable":true,"href":"https:\/\/ktukd.org\/en\/wp-json\/wp\/v2\/comments?post=53"}],"version-history":[{"count":20,"href":"https:\/\/ktukd.org\/en\/wp-json\/wp\/v2\/pages\/53\/revisions"}],"predecessor-version":[{"id":320,"href":"https:\/\/ktukd.org\/en\/wp-json\/wp\/v2\/pages\/53\/revisions\/320"}],"wp:attachment":[{"href":"https:\/\/ktukd.org\/en\/wp-json\/wp\/v2\/media?parent=53"}],"curies":[{"name":"wp","href":"https:\/\/api.w.org\/{rel}","templated":true}]}}