{"id":79,"date":"2023-12-28T05:05:40","date_gmt":"2023-12-28T05:05:40","guid":{"rendered":"https:\/\/ktukd.org\/?page_id=79"},"modified":"2024-01-19T05:20:35","modified_gmt":"2024-01-19T05:20:35","slug":"etkinliklerimiz","status":"publish","type":"page","link":"https:\/\/ktukd.org\/en\/events\/","title":{"rendered":"Events"},"content":{"rendered":"<div data-elementor-type=\"wp-page\" data-elementor-id=\"79\" class=\"elementor elementor-79\">\n\t\t\t\t<div class=\"elementor-element elementor-element-3bf158b e-con-full e-flex e-con e-parent\" data-id=\"3bf158b\" data-element_type=\"container\" data-settings=\"{&quot;background_background&quot;:&quot;classic&quot;}\">\n\t\t\t\t<\/div>\n\t\t\t\t<section class=\"elementor-section elementor-top-section elementor-element elementor-element-b882edb elementor-section-boxed elementor-section-height-default elementor-section-height-default\" data-id=\"b882edb\" data-element_type=\"section\" data-settings=\"{&quot;background_background&quot;:&quot;classic&quot;}\">\n\t\t\t\t\t\t<div class=\"elementor-container elementor-column-gap-default\">\n\t\t\t\t\t<div class=\"elementor-column elementor-col-100 elementor-top-column elementor-element elementor-element-6823443\" data-id=\"6823443\" data-element_type=\"column\">\n\t\t\t<div class=\"elementor-widget-wrap elementor-element-populated\">\n\t\t\t\t\t\t<div class=\"elementor-element elementor-element-87c45ae elementor-widget__width-initial elementor-widget elementor-widget-heading\" data-id=\"87c45ae\" data-element_type=\"widget\" data-widget_type=\"heading.default\">\n\t\t\t\t<div class=\"elementor-widget-container\">\n\t\t\t<style>\/*! elementor - v3.21.0 - 26-05-2024 *\/\n.elementor-heading-title{padding:0;margin:0;line-height:1}.elementor-widget-heading .elementor-heading-title[class*=elementor-size-]>a{color:inherit;font-size:inherit;line-height:inherit}.elementor-widget-heading .elementor-heading-title.elementor-size-small{font-size:15px}.elementor-widget-heading .elementor-heading-title.elementor-size-medium{font-size:19px}.elementor-widget-heading .elementor-heading-title.elementor-size-large{font-size:29px}.elementor-widget-heading .elementor-heading-title.elementor-size-xl{font-size:39px}.elementor-widget-heading .elementor-heading-title.elementor-size-xxl{font-size:59px}<\/style><h1 class=\"elementor-heading-title elementor-size-default\">Events<\/h1>\t\t<\/div>\n\t\t\t\t<\/div>\n\t\t\t\t\t<\/div>\n\t\t<\/div>\n\t\t\t\t\t<\/div>\n\t\t<\/section>\n\t\t\t\t<div class=\"elementor-section elementor-top-section elementor-element elementor-element-d6b0377 elementor-section-boxed elementor-section-height-default elementor-section-height-default\" data-id=\"d6b0377\" data-element_type=\"section\">\n\t\t\t\t\t\t\t<div class=\"elementor-background-overlay\"><\/div>\n\t\t\t\t\t\t\t<div class=\"elementor-container elementor-column-gap-default\">\n\t\t\t\t\t<div class=\"elementor-column elementor-col-100 elementor-top-column elementor-element elementor-element-0779975\" data-id=\"0779975\" data-element_type=\"column\">\n\t\t\t<div class=\"elementor-widget-wrap elementor-element-populated\">\n\t\t\t\t\t\t<div class=\"elementor-element elementor-element-d50f068 elementor-widget elementor-widget-text-editor\" data-id=\"d50f068\" data-element_type=\"widget\" data-widget_type=\"text-editor.default\">\n\t\t\t\t<div class=\"elementor-widget-container\">\n\t\t\t<style>\/*! elementor - v3.21.0 - 26-05-2024 *\/\n.elementor-widget-text-editor.elementor-drop-cap-view-stacked .elementor-drop-cap{background-color:#69727d;color:#fff}.elementor-widget-text-editor.elementor-drop-cap-view-framed .elementor-drop-cap{color:#69727d;border:3px solid;background-color:transparent}.elementor-widget-text-editor:not(.elementor-drop-cap-view-default) .elementor-drop-cap{margin-top:8px}.elementor-widget-text-editor:not(.elementor-drop-cap-view-default) .elementor-drop-cap-letter{width:1em;height:1em}.elementor-widget-text-editor .elementor-drop-cap{float:left;text-align:center;line-height:1;font-size:50px}.elementor-widget-text-editor .elementor-drop-cap-letter{display:inline-block}<\/style>\t\t\t\tTurkish Cypriot Association of University Women has organized many events since 1991, organised walks and talks as a partner of Women's Walk, and actively carried out projects within the civil society. \t\t\t\t\t\t<\/div>\n\t\t\t\t<\/div>\n\t\t\t\t\t<\/div>\n\t\t<\/div>\n\t\t\t\t\t<\/div>\n\t\t<\/div>\n\t\t\t\t<\/div>","protected":false},"excerpt":{"rendered":"<p>Etkinliklerimiz K\u0131br\u0131s T\u00fcrk \u00dcniversiteli Kad\u0131nlar Derne\u011fi 1991 y\u0131l\u0131ndan itibaren pek \u00e7ok etkinlik d\u00fczenlemi\u015f, Women\u2019s Walk\u2019\u0131n partneri olarak y\u00fcr\u00fcy\u00fc\u015f ve s\u00f6yle\u015filer d\u00fczenlemi\u015f, sivil [&hellip;]<\/p>","protected":false},"author":1,"featured_media":0,"parent":0,"menu_order":0,"comment_status":"closed","ping_status":"closed","template":"","meta":{"footnotes":""},"class_list":["post-79","page","type-page","status-publish","hentry"],"yoast_head":"<!-- This site is optimized with the Yoast SEO plugin v22.7 - https:\/\/yoast.com\/wordpress\/plugins\/seo\/ -->\n<title>Etkinliklerimiz - K\u0131br\u0131s T\u00fcrk \u00dcniversiteli Kad\u0131nlar Derne\u011fi<\/title>\n<meta name=\"robots\" content=\"index, follow, max-snippet:-1, max-image-preview:large, max-video-preview:-1\" \/>\n<link rel=\"canonical\" href=\"https:\/\/ktukd.org\/en\/events\/\" \/>\n<meta property=\"og:locale\" content=\"en_GB\" \/>\n<meta property=\"og:type\" content=\"article\" \/>\n<meta property=\"og:title\" content=\"Etkinliklerimiz - K\u0131br\u0131s T\u00fcrk \u00dcniversiteli Kad\u0131nlar Derne\u011fi\" \/>\n<meta property=\"og:description\" content=\"Etkinliklerimiz K\u0131br\u0131s T\u00fcrk \u00dcniversiteli Kad\u0131nlar Derne\u011fi 1991 y\u0131l\u0131ndan itibaren pek \u00e7ok etkinlik d\u00fczenlemi\u015f, Women\u2019s Walk\u2019\u0131n partneri olarak y\u00fcr\u00fcy\u00fc\u015f ve s\u00f6yle\u015filer d\u00fczenlemi\u015f, sivil [&hellip;]\" \/>\n<meta property=\"og:url\" content=\"https:\/\/ktukd.org\/en\/events\/\" \/>\n<meta property=\"og:site_name\" content=\"K\u0131br\u0131s T\u00fcrk \u00dcniversiteli Kad\u0131nlar Derne\u011fi\" \/>\n<meta property=\"article:modified_time\" content=\"2024-01-19T05:20:35+00:00\" \/>\n<meta name=\"twitter:card\" content=\"summary_large_image\" \/>\n<meta name=\"twitter:label1\" content=\"Estimated reading time\" \/>\n\t<meta name=\"twitter:data1\" content=\"1 minute\" \/>\n<script type=\"application\/ld+json\" class=\"yoast-schema-graph\">{\"@context\":\"https:\/\/schema.org\",\"@graph\":[{\"@type\":\"WebPage\",\"@id\":\"https:\/\/ktukd.org\/etkinliklerimiz\/\",\"url\":\"https:\/\/ktukd.org\/etkinliklerimiz\/\",\"name\":\"Etkinliklerimiz - K\u0131br\u0131s T\u00fcrk \u00dcniversiteli Kad\u0131nlar Derne\u011fi\",\"isPartOf\":{\"@id\":\"https:\/\/ktukd.org\/#website\"},\"datePublished\":\"2023-12-28T05:05:40+00:00\",\"dateModified\":\"2024-01-19T05:20:35+00:00\",\"breadcrumb\":{\"@id\":\"https:\/\/ktukd.org\/etkinliklerimiz\/#breadcrumb\"},\"inLanguage\":\"en-GB\",\"potentialAction\":[{\"@type\":\"ReadAction\",\"target\":[\"https:\/\/ktukd.org\/etkinliklerimiz\/\"]}]},{\"@type\":\"BreadcrumbList\",\"@id\":\"https:\/\/ktukd.org\/etkinliklerimiz\/#breadcrumb\",\"itemListElement\":[{\"@type\":\"ListItem\",\"position\":1,\"name\":\"Anasayfa\",\"item\":\"https:\/\/ktukd.org\/\"},{\"@type\":\"ListItem\",\"position\":2,\"name\":\"Etkinliklerimiz\"}]},{\"@type\":\"WebSite\",\"@id\":\"https:\/\/ktukd.org\/#website\",\"url\":\"https:\/\/ktukd.org\/\",\"name\":\"K\u0131br\u0131s T\u00fcrk \u00dcniversiteli Kad\u0131nlar Derne\u011fi\",\"description\":\"K\u0131br\u0131s T&uuml;rk &Uuml;niversiteli Kad\u0131nlar Derne\u011fi\",\"publisher\":{\"@id\":\"https:\/\/ktukd.org\/#organization\"},\"potentialAction\":[{\"@type\":\"SearchAction\",\"target\":{\"@type\":\"EntryPoint\",\"urlTemplate\":\"https:\/\/ktukd.org\/?s={search_term_string}\"},\"query-input\":\"required name=search_term_string\"}],\"inLanguage\":\"en-GB\"},{\"@type\":\"Organization\",\"@id\":\"https:\/\/ktukd.org\/#organization\",\"name\":\"K\u0131br\u0131s T\u00fcrk \u00dcniversiteli Kad\u0131nlar Derne\u011fi\",\"url\":\"https:\/\/ktukd.org\/\",\"logo\":{\"@type\":\"ImageObject\",\"inLanguage\":\"en-GB\",\"@id\":\"https:\/\/ktukd.org\/#\/schema\/logo\/image\/\",\"url\":\"https:\/\/ktukd.org\/wp-content\/uploads\/2023\/12\/KTUKD-TR.png\",\"contentUrl\":\"https:\/\/ktukd.org\/wp-content\/uploads\/2023\/12\/KTUKD-TR.png\",\"width\":3988,\"height\":1294,\"caption\":\"K\u0131br\u0131s T\u00fcrk \u00dcniversiteli Kad\u0131nlar Derne\u011fi\"},\"image\":{\"@id\":\"https:\/\/ktukd.org\/#\/schema\/logo\/image\/\"}}]}<\/script>\n<!-- \/ Yoast SEO plugin. -->","yoast_head_json":{"title":"Etkinliklerimiz - K\u0131br\u0131s T\u00fcrk \u00dcniversiteli Kad\u0131nlar Derne\u011fi","robots":{"index":"index","follow":"follow","max-snippet":"max-snippet:-1","max-image-preview":"max-image-preview:large","max-video-preview":"max-video-preview:-1"},"canonical":"https:\/\/ktukd.org\/en\/events\/","og_locale":"en_GB","og_type":"article","og_title":"Etkinliklerimiz - K\u0131br\u0131s T\u00fcrk \u00dcniversiteli Kad\u0131nlar Derne\u011fi","og_description":"Etkinliklerimiz K\u0131br\u0131s T\u00fcrk \u00dcniversiteli Kad\u0131nlar Derne\u011fi 1991 y\u0131l\u0131ndan itibaren pek \u00e7ok etkinlik d\u00fczenlemi\u015f, Women\u2019s Walk\u2019\u0131n partneri olarak y\u00fcr\u00fcy\u00fc\u015f ve s\u00f6yle\u015filer d\u00fczenlemi\u015f, sivil [&hellip;]","og_url":"https:\/\/ktukd.org\/en\/events\/","og_site_name":"K\u0131br\u0131s T\u00fcrk \u00dcniversiteli Kad\u0131nlar Derne\u011fi","article_modified_time":"2024-01-19T05:20:35+00:00","twitter_card":"summary_large_image","twitter_misc":{"Estimated reading time":"1 minute"},"schema":{"@context":"https:\/\/schema.org","@graph":[{"@type":"WebPage","@id":"https:\/\/ktukd.org\/etkinliklerimiz\/","url":"https:\/\/ktukd.org\/etkinliklerimiz\/","name":"Etkinliklerimiz - K\u0131br\u0131s T\u00fcrk \u00dcniversiteli Kad\u0131nlar Derne\u011fi","isPartOf":{"@id":"https:\/\/ktukd.org\/#website"},"datePublished":"2023-12-28T05:05:40+00:00","dateModified":"2024-01-19T05:20:35+00:00","breadcrumb":{"@id":"https:\/\/ktukd.org\/etkinliklerimiz\/#breadcrumb"},"inLanguage":"en-GB","potentialAction":[{"@type":"ReadAction","target":["https:\/\/ktukd.org\/etkinliklerimiz\/"]}]},{"@type":"BreadcrumbList","@id":"https:\/\/ktukd.org\/etkinliklerimiz\/#breadcrumb","itemListElement":[{"@type":"ListItem","position":1,"name":"Anasayfa","item":"https:\/\/ktukd.org\/"},{"@type":"ListItem","position":2,"name":"Etkinliklerimiz"}]},{"@type":"WebSite","@id":"https:\/\/ktukd.org\/#website","url":"https:\/\/ktukd.org\/","name":"K\u0131br\u0131s T\u00fcrk \u00dcniversiteli Kad\u0131nlar Derne\u011fi","description":"K\u0131br\u0131s T&uuml;rk &Uuml;niversiteli Kad\u0131nlar Derne\u011fi","publisher":{"@id":"https:\/\/ktukd.org\/#organization"},"potentialAction":[{"@type":"SearchAction","target":{"@type":"EntryPoint","urlTemplate":"https:\/\/ktukd.org\/?s={search_term_string}"},"query-input":"required name=search_term_string"}],"inLanguage":"en-GB"},{"@type":"Organization","@id":"https:\/\/ktukd.org\/#organization","name":"K\u0131br\u0131s T\u00fcrk \u00dcniversiteli Kad\u0131nlar Derne\u011fi","url":"https:\/\/ktukd.org\/","logo":{"@type":"ImageObject","inLanguage":"en-GB","@id":"https:\/\/ktukd.org\/#\/schema\/logo\/image\/","url":"https:\/\/ktukd.org\/wp-content\/uploads\/2023\/12\/KTUKD-TR.png","contentUrl":"https:\/\/ktukd.org\/wp-content\/uploads\/2023\/12\/KTUKD-TR.png","width":3988,"height":1294,"caption":"K\u0131br\u0131s T\u00fcrk \u00dcniversiteli Kad\u0131nlar Derne\u011fi"},"image":{"@id":"https:\/\/ktukd.org\/#\/schema\/logo\/image\/"}}]}},"_links":{"self":[{"href":"https:\/\/ktukd.org\/en\/wp-json\/wp\/v2\/pages\/79","targetHints":{"allow":["GET"]}}],"collection":[{"href":"https:\/\/ktukd.org\/en\/wp-json\/wp\/v2\/pages"}],"about":[{"href":"https:\/\/ktukd.org\/en\/wp-json\/wp\/v2\/types\/page"}],"author":[{"embeddable":true,"href":"https:\/\/ktukd.org\/en\/wp-json\/wp\/v2\/users\/1"}],"replies":[{"embeddable":true,"href":"https:\/\/ktukd.org\/en\/wp-json\/wp\/v2\/comments?post=79"}],"version-history":[{"count":10,"href":"https:\/\/ktukd.org\/en\/wp-json\/wp\/v2\/pages\/79\/revisions"}],"predecessor-version":[{"id":582,"href":"https:\/\/ktukd.org\/en\/wp-json\/wp\/v2\/pages\/79\/revisions\/582"}],"wp:attachment":[{"href":"https:\/\/ktukd.org\/en\/wp-json\/wp\/v2\/media?parent=79"}],"curies":[{"name":"wp","href":"https:\/\/api.w.org\/{rel}","templated":true}]}}