{"id":81,"date":"2023-12-28T05:06:04","date_gmt":"2023-12-28T05:06:04","guid":{"rendered":"https:\/\/ktukd.org\/?page_id=81"},"modified":"2024-01-19T05:19:55","modified_gmt":"2024-01-19T05:19:55","slug":"yayinlarimiz","status":"publish","type":"page","link":"https:\/\/ktukd.org\/en\/publications\/","title":{"rendered":"Publications"},"content":{"rendered":"<div data-elementor-type=\"wp-page\" data-elementor-id=\"81\" class=\"elementor elementor-81\">\n\t\t\t\t<div class=\"elementor-element elementor-element-2519556 e-con-full e-flex e-con e-parent\" data-id=\"2519556\" data-element_type=\"container\" data-settings=\"{&quot;background_background&quot;:&quot;classic&quot;}\">\n\t\t\t\t<\/div>\n\t\t\t\t<section class=\"elementor-section elementor-top-section elementor-element elementor-element-b00adb2 elementor-section-boxed elementor-section-height-default elementor-section-height-default\" data-id=\"b00adb2\" data-element_type=\"section\" data-settings=\"{&quot;background_background&quot;:&quot;classic&quot;}\">\n\t\t\t\t\t\t<div class=\"elementor-container elementor-column-gap-default\">\n\t\t\t\t\t<div class=\"elementor-column elementor-col-100 elementor-top-column elementor-element elementor-element-06be302\" data-id=\"06be302\" data-element_type=\"column\">\n\t\t\t<div class=\"elementor-widget-wrap elementor-element-populated\">\n\t\t\t\t\t\t<div class=\"elementor-element elementor-element-c40f7e9 elementor-widget__width-initial elementor-widget elementor-widget-heading\" data-id=\"c40f7e9\" data-element_type=\"widget\" data-widget_type=\"heading.default\">\n\t\t\t\t<div class=\"elementor-widget-container\">\n\t\t\t<style>\/*! elementor - v3.21.0 - 26-05-2024 *\/\n.elementor-heading-title{padding:0;margin:0;line-height:1}.elementor-widget-heading .elementor-heading-title[class*=elementor-size-]>a{color:inherit;font-size:inherit;line-height:inherit}.elementor-widget-heading .elementor-heading-title.elementor-size-small{font-size:15px}.elementor-widget-heading .elementor-heading-title.elementor-size-medium{font-size:19px}.elementor-widget-heading .elementor-heading-title.elementor-size-large{font-size:29px}.elementor-widget-heading .elementor-heading-title.elementor-size-xl{font-size:39px}.elementor-widget-heading .elementor-heading-title.elementor-size-xxl{font-size:59px}<\/style><h1 class=\"elementor-heading-title elementor-size-default\">Publications<\/h1>\t\t<\/div>\n\t\t\t\t<\/div>\n\t\t\t\t\t<\/div>\n\t\t<\/div>\n\t\t\t\t\t<\/div>\n\t\t<\/section>\n\t\t\t\t<div class=\"elementor-section elementor-top-section elementor-element elementor-element-4df1a4b0 elementor-section-boxed elementor-section-height-default elementor-section-height-default\" data-id=\"4df1a4b0\" data-element_type=\"section\">\n\t\t\t\t\t\t\t<div class=\"elementor-background-overlay\"><\/div>\n\t\t\t\t\t\t\t<div class=\"elementor-container elementor-column-gap-default\">\n\t\t\t\t\t<div class=\"elementor-column elementor-col-100 elementor-top-column elementor-element elementor-element-5e835372\" data-id=\"5e835372\" data-element_type=\"column\">\n\t\t\t<div class=\"elementor-widget-wrap elementor-element-populated\">\n\t\t\t\t\t\t<section class=\"elementor-section elementor-inner-section elementor-element elementor-element-5905ab8a elementor-section-boxed elementor-section-height-default elementor-section-height-default\" data-id=\"5905ab8a\" data-element_type=\"section\">\n\t\t\t\t\t\t<div class=\"elementor-container elementor-column-gap-default\">\n\t\t\t\t\t<div class=\"elementor-column elementor-col-50 elementor-inner-column elementor-element elementor-element-516fff18\" data-id=\"516fff18\" data-element_type=\"column\">\n\t\t\t<div class=\"elementor-widget-wrap elementor-element-populated\">\n\t\t\t\t\t\t<div class=\"elementor-element elementor-element-c1965c3 animated-fast bdt-icon-type-icon elementor-position-top bdt-icon-effect-none elementor-invisible elementor-widget elementor-widget-bdt-advanced-icon-box\" data-id=\"c1965c3\" data-element_type=\"widget\" data-settings=\"{&quot;_animation&quot;:&quot;fadeInUp&quot;,&quot;_animation_delay&quot;:600}\" data-widget_type=\"bdt-advanced-icon-box.default\">\n\t\t\t\t<div class=\"elementor-widget-container\">\n\t\t\t\t\t<div class=\"bdt-ep-advanced-icon-box\">\n\n\t\t\t\t\t\t\t\n\t\t\t\t\t<div class=\"bdt-ep-advanced-icon-box-icon\">\n\t\t\t\t<span class=\"bdt-ep-advanced-icon-box-icon-wrap\">\n\n\n\t\t\t\t\t\n\t\t\t\t\t\t<svg aria-hidden=\"true\" class=\"e-font-icon-svg e-fas-book\" viewbox=\"0 0 448 512\" xmlns=\"http:\/\/www.w3.org\/2000\/svg\"><path d=\"M448 360V24c0-13.3-10.7-24-24-24H96C43 0 0 43 0 96v320c0 53 43 96 96 96h328c13.3 0 24-10.7 24-24v-16c0-7.5-3.5-14.3-8.9-18.7-4.2-15.4-4.2-59.3 0-74.7 5.4-4.3 8.9-11.1 8.9-18.6zM128 134c0-3.3 2.7-6 6-6h212c3.3 0 6 2.7 6 6v20c0 3.3-2.7 6-6 6H134c-3.3 0-6-2.7-6-6v-20zm0 64c0-3.3 2.7-6 6-6h212c3.3 0 6 2.7 6 6v20c0 3.3-2.7 6-6 6H134c-3.3 0-6-2.7-6-6v-20zm253.4 250H96c-17.7 0-32-14.3-32-32 0-17.6 14.4-32 32-32h285.4c-1.9 17.1-1.9 46.9 0 64z\"><\/path><\/svg>\n\n\t\t\t\t\t\t\t\t\t<\/span>\n\t\t\t<\/div>\n\t\t\n\t\t\t\t\n\t\t\t<div class=\"bdt-ep-advanced-icon-box-content\">\n\n\t\t\t\t\t\t\t\t\t\n\t\t\t\t\t<h4 class=\"bdt-ep-advanced-icon-box-title\">\n\t\t\t\t<span >\n\t\t\t\t\tDesk Review Report - English\t\t\t\t<\/span>\n\t\t\t<\/h4>\n\t\t\n\n\t\t\n\t\t\t\t\t\n\t\t\t\t\n\t\t\t\t\n\t\t\t\t\t\t\t\t\t<a class=\"bdt-ep-advanced-icon-box-readmore bdt-display-inline-block\" href=\"https:\/\/ktukd.org\/wp-content\/uploads\/2024\/01\/parity-kitapcik-en.pdf\" target=\"_blank\">\n\t\t\t\t\t\tClick to download.\n\t\t\t\t\t\t\t\t\t\t\t<\/a>\n\t\t\t\t\t\t\t<\/div>\n\t\t<\/div>\n\n\t\t\n\t\t\n\t\t<\/div>\n\t\t\t\t<\/div>\n\t\t\t\t<div class=\"elementor-element elementor-element-c81b351 animated-fast bdt-icon-type-icon elementor-position-top bdt-icon-effect-none elementor-invisible elementor-widget elementor-widget-bdt-advanced-icon-box\" data-id=\"c81b351\" data-element_type=\"widget\" data-settings=\"{&quot;_animation&quot;:&quot;fadeInUp&quot;,&quot;_animation_delay&quot;:600}\" data-widget_type=\"bdt-advanced-icon-box.default\">\n\t\t\t\t<div class=\"elementor-widget-container\">\n\t\t\t\t\t<div class=\"bdt-ep-advanced-icon-box\">\n\n\t\t\t\t\t\t\t\n\t\t\t\t\t<div class=\"bdt-ep-advanced-icon-box-icon\">\n\t\t\t\t<span class=\"bdt-ep-advanced-icon-box-icon-wrap\">\n\n\n\t\t\t\t\t\n\t\t\t\t\t\t<svg aria-hidden=\"true\" class=\"e-font-icon-svg e-fas-book\" viewbox=\"0 0 448 512\" xmlns=\"http:\/\/www.w3.org\/2000\/svg\"><path d=\"M448 360V24c0-13.3-10.7-24-24-24H96C43 0 0 43 0 96v320c0 53 43 96 96 96h328c13.3 0 24-10.7 24-24v-16c0-7.5-3.5-14.3-8.9-18.7-4.2-15.4-4.2-59.3 0-74.7 5.4-4.3 8.9-11.1 8.9-18.6zM128 134c0-3.3 2.7-6 6-6h212c3.3 0 6 2.7 6 6v20c0 3.3-2.7 6-6 6H134c-3.3 0-6-2.7-6-6v-20zm0 64c0-3.3 2.7-6 6-6h212c3.3 0 6 2.7 6 6v20c0 3.3-2.7 6-6 6H134c-3.3 0-6-2.7-6-6v-20zm253.4 250H96c-17.7 0-32-14.3-32-32 0-17.6 14.4-32 32-32h285.4c-1.9 17.1-1.9 46.9 0 64z\"><\/path><\/svg>\n\n\t\t\t\t\t\t\t\t\t<\/span>\n\t\t\t<\/div>\n\t\t\n\t\t\t\t\n\t\t\t<div class=\"bdt-ep-advanced-icon-box-content\">\n\n\t\t\t\t\t\t\t\t\t\n\t\t\t\t\t<h4 class=\"bdt-ep-advanced-icon-box-title\">\n\t\t\t\t<span >\n\t\t\t\t\tDetermining the Status of Women is a Step Towards Gender Equality \/ Fatma G\u00fcven Lisaniler\t\t\t\t<\/span>\n\t\t\t<\/h4>\n\t\t\n\n\t\t\n\t\t\t\t\t\n\t\t\t\t\n\t\t\t\t\t\t\t\t\t<div class=\"bdt-ep-advanced-icon-box-description\">\n\t\t\t\t\t\t<p>Fatma G\u00fcven Lisaniler<\/p>\t\t\t\t\t<\/div>\n\t\t\t\t\n\t\t\t\t\t\t\t<\/div>\n\t\t<\/div>\n\n\t\t\n\t\t\n\t\t<\/div>\n\t\t\t\t<\/div>\n\t\t\t\t\t<\/div>\n\t\t<\/div>\n\t\t\t\t<div class=\"elementor-column elementor-col-50 elementor-inner-column elementor-element elementor-element-45c8a715\" data-id=\"45c8a715\" data-element_type=\"column\">\n\t\t\t<div class=\"elementor-widget-wrap elementor-element-populated\">\n\t\t\t\t\t\t<div class=\"elementor-element elementor-element-cb006f9 animated-fast bdt-icon-type-icon elementor-position-top bdt-icon-effect-none elementor-invisible elementor-widget elementor-widget-bdt-advanced-icon-box\" data-id=\"cb006f9\" data-element_type=\"widget\" data-settings=\"{&quot;_animation&quot;:&quot;fadeInUp&quot;,&quot;_animation_delay&quot;:600}\" data-widget_type=\"bdt-advanced-icon-box.default\">\n\t\t\t\t<div class=\"elementor-widget-container\">\n\t\t\t\t\t<div class=\"bdt-ep-advanced-icon-box\">\n\n\t\t\t\t\t\t\t\n\t\t\t\t\t<div class=\"bdt-ep-advanced-icon-box-icon\">\n\t\t\t\t<span class=\"bdt-ep-advanced-icon-box-icon-wrap\">\n\n\n\t\t\t\t\t\n\t\t\t\t\t\t<svg aria-hidden=\"true\" class=\"e-font-icon-svg e-fas-book\" viewbox=\"0 0 448 512\" xmlns=\"http:\/\/www.w3.org\/2000\/svg\"><path d=\"M448 360V24c0-13.3-10.7-24-24-24H96C43 0 0 43 0 96v320c0 53 43 96 96 96h328c13.3 0 24-10.7 24-24v-16c0-7.5-3.5-14.3-8.9-18.7-4.2-15.4-4.2-59.3 0-74.7 5.4-4.3 8.9-11.1 8.9-18.6zM128 134c0-3.3 2.7-6 6-6h212c3.3 0 6 2.7 6 6v20c0 3.3-2.7 6-6 6H134c-3.3 0-6-2.7-6-6v-20zm0 64c0-3.3 2.7-6 6-6h212c3.3 0 6 2.7 6 6v20c0 3.3-2.7 6-6 6H134c-3.3 0-6-2.7-6-6v-20zm253.4 250H96c-17.7 0-32-14.3-32-32 0-17.6 14.4-32 32-32h285.4c-1.9 17.1-1.9 46.9 0 64z\"><\/path><\/svg>\n\n\t\t\t\t\t\t\t\t\t<\/span>\n\t\t\t<\/div>\n\t\t\n\t\t\t\t\n\t\t\t<div class=\"bdt-ep-advanced-icon-box-content\">\n\n\t\t\t\t\t\t\t\t\t\n\t\t\t\t\t<h4 class=\"bdt-ep-advanced-icon-box-title\">\n\t\t\t\t<span >\n\t\t\t\t\tTurkish Cypriot Woman in History\t\t\t\t<\/span>\n\t\t\t<\/h4>\n\t\t\n\n\t\t\n\t\t\t\t\t\n\t\t\t\t\n\t\t\t\t\t\t\t\t\t<div class=\"bdt-ep-advanced-icon-box-description\">\n\t\t\t\t\t\t<p>Neriman Cahit<\/p>\t\t\t\t\t<\/div>\n\t\t\t\t\n\t\t\t\t\t\t\t<\/div>\n\t\t<\/div>\n\n\t\t\n\t\t\n\t\t<\/div>\n\t\t\t\t<\/div>\n\t\t\t\t<div class=\"elementor-element elementor-element-336593b0 animated-fast bdt-icon-type-icon elementor-position-top bdt-icon-effect-none elementor-invisible elementor-widget elementor-widget-bdt-advanced-icon-box\" data-id=\"336593b0\" data-element_type=\"widget\" data-settings=\"{&quot;_animation&quot;:&quot;fadeInUp&quot;,&quot;_animation_delay&quot;:600}\" data-widget_type=\"bdt-advanced-icon-box.default\">\n\t\t\t\t<div class=\"elementor-widget-container\">\n\t\t\t\t\t<div class=\"bdt-ep-advanced-icon-box\">\n\n\t\t\t\t\t\t\t\n\t\t\t\t\t<div class=\"bdt-ep-advanced-icon-box-icon\">\n\t\t\t\t<span class=\"bdt-ep-advanced-icon-box-icon-wrap\">\n\n\n\t\t\t\t\t\n\t\t\t\t\t\t<svg aria-hidden=\"true\" class=\"e-font-icon-svg e-fas-book\" viewbox=\"0 0 448 512\" xmlns=\"http:\/\/www.w3.org\/2000\/svg\"><path d=\"M448 360V24c0-13.3-10.7-24-24-24H96C43 0 0 43 0 96v320c0 53 43 96 96 96h328c13.3 0 24-10.7 24-24v-16c0-7.5-3.5-14.3-8.9-18.7-4.2-15.4-4.2-59.3 0-74.7 5.4-4.3 8.9-11.1 8.9-18.6zM128 134c0-3.3 2.7-6 6-6h212c3.3 0 6 2.7 6 6v20c0 3.3-2.7 6-6 6H134c-3.3 0-6-2.7-6-6v-20zm0 64c0-3.3 2.7-6 6-6h212c3.3 0 6 2.7 6 6v20c0 3.3-2.7 6-6 6H134c-3.3 0-6-2.7-6-6v-20zm253.4 250H96c-17.7 0-32-14.3-32-32 0-17.6 14.4-32 32-32h285.4c-1.9 17.1-1.9 46.9 0 64z\"><\/path><\/svg>\n\n\t\t\t\t\t\t\t\t\t<\/span>\n\t\t\t<\/div>\n\t\t\n\t\t\t\t\n\t\t\t<div class=\"bdt-ep-advanced-icon-box-content\">\n\n\t\t\t\t\t\t\t\t\t\n\t\t\t\t\t<h4 class=\"bdt-ep-advanced-icon-box-title\">\n\t\t\t\t<span >\n\t\t\t\t\tWomen in Working Life in the northern part of Cyprus \t\t\t\t<\/span>\n\t\t\t<\/h4>\n\t\t\n\n\t\t\n\t\t\t\t\t\n\t\t\t\t\n\t\t\t\t\t\t\t\t\t<div class=\"bdt-ep-advanced-icon-box-description\">\n\t\t\t\t\t\t<p>Y\u0131ld\u0131z Ecevit<\/p>\t\t\t\t\t<\/div>\n\t\t\t\t\n\t\t\t\t\t\t\t<\/div>\n\t\t<\/div>\n\n\t\t\n\t\t\n\t\t<\/div>\n\t\t\t\t<\/div>\n\t\t\t\t\t<\/div>\n\t\t<\/div>\n\t\t\t\t\t<\/div>\n\t\t<\/section>\n\t\t\t\t\t<\/div>\n\t\t<\/div>\n\t\t\t\t\t<\/div>\n\t\t<\/div>\n\t\t\t\t<\/div>","protected":false},"excerpt":{"rendered":"<p>Yay\u0131nlar\u0131m\u0131z Desk Review Report &#8211; T\u00fcrk\u00e7e \u0130ndirmek i\u00e7in t\u0131klay\u0131n\u0131z. Kad\u0131n\u0131n Stat\u00fcs\u00fcn\u00fcn Tespiti Kad\u0131n-Erkek E\u015fitli\u011fine Do\u011fru Bir Ad\u0131m Fatma G\u00fcven Lisaniler Tarihsel S\u00fcre\u00e7te [&hellip;]<\/p>","protected":false},"author":1,"featured_media":0,"parent":0,"menu_order":0,"comment_status":"closed","ping_status":"closed","template":"","meta":{"footnotes":""},"class_list":["post-81","page","type-page","status-publish","hentry"],"yoast_head":"<!-- This site is optimized with the Yoast SEO plugin v22.7 - https:\/\/yoast.com\/wordpress\/plugins\/seo\/ -->\n<title>Yay\u0131nlar\u0131m\u0131z - K\u0131br\u0131s T\u00fcrk \u00dcniversiteli Kad\u0131nlar Derne\u011fi<\/title>\n<meta name=\"robots\" content=\"index, follow, max-snippet:-1, max-image-preview:large, max-video-preview:-1\" \/>\n<link rel=\"canonical\" href=\"https:\/\/ktukd.org\/en\/publications\/\" \/>\n<meta property=\"og:locale\" content=\"en_GB\" \/>\n<meta property=\"og:type\" content=\"article\" \/>\n<meta property=\"og:title\" content=\"Yay\u0131nlar\u0131m\u0131z - K\u0131br\u0131s T\u00fcrk \u00dcniversiteli Kad\u0131nlar Derne\u011fi\" \/>\n<meta property=\"og:description\" content=\"Yay\u0131nlar\u0131m\u0131z Desk Review Report &#8211; T\u00fcrk\u00e7e \u0130ndirmek i\u00e7in t\u0131klay\u0131n\u0131z. Kad\u0131n\u0131n Stat\u00fcs\u00fcn\u00fcn Tespiti Kad\u0131n-Erkek E\u015fitli\u011fine Do\u011fru Bir Ad\u0131m Fatma G\u00fcven Lisaniler Tarihsel S\u00fcre\u00e7te [&hellip;]\" \/>\n<meta property=\"og:url\" content=\"https:\/\/ktukd.org\/en\/publications\/\" \/>\n<meta property=\"og:site_name\" content=\"K\u0131br\u0131s T\u00fcrk \u00dcniversiteli Kad\u0131nlar Derne\u011fi\" \/>\n<meta property=\"article:modified_time\" content=\"2024-01-19T05:19:55+00:00\" \/>\n<meta name=\"twitter:card\" content=\"summary_large_image\" \/>\n<meta name=\"twitter:label1\" content=\"Estimated reading time\" \/>\n\t<meta name=\"twitter:data1\" content=\"1 minute\" \/>\n<script type=\"application\/ld+json\" class=\"yoast-schema-graph\">{\"@context\":\"https:\/\/schema.org\",\"@graph\":[{\"@type\":\"WebPage\",\"@id\":\"https:\/\/ktukd.org\/yayinlarimiz\/\",\"url\":\"https:\/\/ktukd.org\/yayinlarimiz\/\",\"name\":\"Yay\u0131nlar\u0131m\u0131z - K\u0131br\u0131s T\u00fcrk \u00dcniversiteli Kad\u0131nlar Derne\u011fi\",\"isPartOf\":{\"@id\":\"https:\/\/ktukd.org\/#website\"},\"datePublished\":\"2023-12-28T05:06:04+00:00\",\"dateModified\":\"2024-01-19T05:19:55+00:00\",\"breadcrumb\":{\"@id\":\"https:\/\/ktukd.org\/yayinlarimiz\/#breadcrumb\"},\"inLanguage\":\"en-GB\",\"potentialAction\":[{\"@type\":\"ReadAction\",\"target\":[\"https:\/\/ktukd.org\/yayinlarimiz\/\"]}]},{\"@type\":\"BreadcrumbList\",\"@id\":\"https:\/\/ktukd.org\/yayinlarimiz\/#breadcrumb\",\"itemListElement\":[{\"@type\":\"ListItem\",\"position\":1,\"name\":\"Anasayfa\",\"item\":\"https:\/\/ktukd.org\/\"},{\"@type\":\"ListItem\",\"position\":2,\"name\":\"Yay\u0131nlar\u0131m\u0131z\"}]},{\"@type\":\"WebSite\",\"@id\":\"https:\/\/ktukd.org\/#website\",\"url\":\"https:\/\/ktukd.org\/\",\"name\":\"K\u0131br\u0131s T\u00fcrk \u00dcniversiteli Kad\u0131nlar Derne\u011fi\",\"description\":\"K\u0131br\u0131s T&uuml;rk &Uuml;niversiteli Kad\u0131nlar Derne\u011fi\",\"publisher\":{\"@id\":\"https:\/\/ktukd.org\/#organization\"},\"potentialAction\":[{\"@type\":\"SearchAction\",\"target\":{\"@type\":\"EntryPoint\",\"urlTemplate\":\"https:\/\/ktukd.org\/?s={search_term_string}\"},\"query-input\":\"required name=search_term_string\"}],\"inLanguage\":\"en-GB\"},{\"@type\":\"Organization\",\"@id\":\"https:\/\/ktukd.org\/#organization\",\"name\":\"K\u0131br\u0131s T\u00fcrk \u00dcniversiteli Kad\u0131nlar Derne\u011fi\",\"url\":\"https:\/\/ktukd.org\/\",\"logo\":{\"@type\":\"ImageObject\",\"inLanguage\":\"en-GB\",\"@id\":\"https:\/\/ktukd.org\/#\/schema\/logo\/image\/\",\"url\":\"https:\/\/ktukd.org\/wp-content\/uploads\/2023\/12\/KTUKD-TR.png\",\"contentUrl\":\"https:\/\/ktukd.org\/wp-content\/uploads\/2023\/12\/KTUKD-TR.png\",\"width\":3988,\"height\":1294,\"caption\":\"K\u0131br\u0131s T\u00fcrk \u00dcniversiteli Kad\u0131nlar Derne\u011fi\"},\"image\":{\"@id\":\"https:\/\/ktukd.org\/#\/schema\/logo\/image\/\"}}]}<\/script>\n<!-- \/ Yoast SEO plugin. -->","yoast_head_json":{"title":"Yay\u0131nlar\u0131m\u0131z - K\u0131br\u0131s T\u00fcrk \u00dcniversiteli Kad\u0131nlar Derne\u011fi","robots":{"index":"index","follow":"follow","max-snippet":"max-snippet:-1","max-image-preview":"max-image-preview:large","max-video-preview":"max-video-preview:-1"},"canonical":"https:\/\/ktukd.org\/en\/publications\/","og_locale":"en_GB","og_type":"article","og_title":"Yay\u0131nlar\u0131m\u0131z - K\u0131br\u0131s T\u00fcrk \u00dcniversiteli Kad\u0131nlar Derne\u011fi","og_description":"Yay\u0131nlar\u0131m\u0131z Desk Review Report &#8211; T\u00fcrk\u00e7e \u0130ndirmek i\u00e7in t\u0131klay\u0131n\u0131z. Kad\u0131n\u0131n Stat\u00fcs\u00fcn\u00fcn Tespiti Kad\u0131n-Erkek E\u015fitli\u011fine Do\u011fru Bir Ad\u0131m Fatma G\u00fcven Lisaniler Tarihsel S\u00fcre\u00e7te [&hellip;]","og_url":"https:\/\/ktukd.org\/en\/publications\/","og_site_name":"K\u0131br\u0131s T\u00fcrk \u00dcniversiteli Kad\u0131nlar Derne\u011fi","article_modified_time":"2024-01-19T05:19:55+00:00","twitter_card":"summary_large_image","twitter_misc":{"Estimated reading time":"1 minute"},"schema":{"@context":"https:\/\/schema.org","@graph":[{"@type":"WebPage","@id":"https:\/\/ktukd.org\/yayinlarimiz\/","url":"https:\/\/ktukd.org\/yayinlarimiz\/","name":"Yay\u0131nlar\u0131m\u0131z - K\u0131br\u0131s T\u00fcrk \u00dcniversiteli Kad\u0131nlar Derne\u011fi","isPartOf":{"@id":"https:\/\/ktukd.org\/#website"},"datePublished":"2023-12-28T05:06:04+00:00","dateModified":"2024-01-19T05:19:55+00:00","breadcrumb":{"@id":"https:\/\/ktukd.org\/yayinlarimiz\/#breadcrumb"},"inLanguage":"en-GB","potentialAction":[{"@type":"ReadAction","target":["https:\/\/ktukd.org\/yayinlarimiz\/"]}]},{"@type":"BreadcrumbList","@id":"https:\/\/ktukd.org\/yayinlarimiz\/#breadcrumb","itemListElement":[{"@type":"ListItem","position":1,"name":"Anasayfa","item":"https:\/\/ktukd.org\/"},{"@type":"ListItem","position":2,"name":"Yay\u0131nlar\u0131m\u0131z"}]},{"@type":"WebSite","@id":"https:\/\/ktukd.org\/#website","url":"https:\/\/ktukd.org\/","name":"K\u0131br\u0131s T\u00fcrk \u00dcniversiteli Kad\u0131nlar Derne\u011fi","description":"K\u0131br\u0131s T&uuml;rk &Uuml;niversiteli Kad\u0131nlar Derne\u011fi","publisher":{"@id":"https:\/\/ktukd.org\/#organization"},"potentialAction":[{"@type":"SearchAction","target":{"@type":"EntryPoint","urlTemplate":"https:\/\/ktukd.org\/?s={search_term_string}"},"query-input":"required name=search_term_string"}],"inLanguage":"en-GB"},{"@type":"Organization","@id":"https:\/\/ktukd.org\/#organization","name":"K\u0131br\u0131s T\u00fcrk \u00dcniversiteli Kad\u0131nlar Derne\u011fi","url":"https:\/\/ktukd.org\/","logo":{"@type":"ImageObject","inLanguage":"en-GB","@id":"https:\/\/ktukd.org\/#\/schema\/logo\/image\/","url":"https:\/\/ktukd.org\/wp-content\/uploads\/2023\/12\/KTUKD-TR.png","contentUrl":"https:\/\/ktukd.org\/wp-content\/uploads\/2023\/12\/KTUKD-TR.png","width":3988,"height":1294,"caption":"K\u0131br\u0131s T\u00fcrk \u00dcniversiteli Kad\u0131nlar Derne\u011fi"},"image":{"@id":"https:\/\/ktukd.org\/#\/schema\/logo\/image\/"}}]}},"_links":{"self":[{"href":"https:\/\/ktukd.org\/en\/wp-json\/wp\/v2\/pages\/81","targetHints":{"allow":["GET"]}}],"collection":[{"href":"https:\/\/ktukd.org\/en\/wp-json\/wp\/v2\/pages"}],"about":[{"href":"https:\/\/ktukd.org\/en\/wp-json\/wp\/v2\/types\/page"}],"author":[{"embeddable":true,"href":"https:\/\/ktukd.org\/en\/wp-json\/wp\/v2\/users\/1"}],"replies":[{"embeddable":true,"href":"https:\/\/ktukd.org\/en\/wp-json\/wp\/v2\/comments?post=81"}],"version-history":[{"count":19,"href":"https:\/\/ktukd.org\/en\/wp-json\/wp\/v2\/pages\/81\/revisions"}],"predecessor-version":[{"id":578,"href":"https:\/\/ktukd.org\/en\/wp-json\/wp\/v2\/pages\/81\/revisions\/578"}],"wp:attachment":[{"href":"https:\/\/ktukd.org\/en\/wp-json\/wp\/v2\/media?parent=81"}],"curies":[{"name":"wp","href":"https:\/\/api.w.org\/{rel}","templated":true}]}}